{"id":110,"date":"2018-12-06T09:43:22","date_gmt":"2018-12-06T09:43:22","guid":{"rendered":"https:\/\/livewp.site\/wp\/md\/zodiac\/?page_id=7"},"modified":"2025-05-26T16:14:24","modified_gmt":"2025-05-26T14:14:24","slug":"about","status":"publish","type":"page","link":"http:\/\/www.unq.es\/index.php\/about\/","title":{"rendered":"Sobre nosotros"},"content":{"rendered":"\t\t<div data-elementor-type=\"wp-post\" data-elementor-id=\"110\" class=\"elementor elementor-110\">\n\t\t\t\t\t\t<section class=\"elementor-section elementor-top-section elementor-element elementor-element-65ca0b7 elementor-section-stretched elementor-section-boxed elementor-section-height-default elementor-section-height-default\" data-id=\"65ca0b7\" data-element_type=\"section\" data-settings=\"{&quot;stretch_section&quot;:&quot;section-stretched&quot;,&quot;background_background&quot;:&quot;classic&quot;}\">\n\t\t\t\t\t\t\t<div class=\"elementor-background-overlay\"><\/div>\n\t\t\t\t\t\t\t<div class=\"elementor-container elementor-column-gap-default\">\n\t\t\t\t\t<div class=\"elementor-column elementor-col-100 elementor-top-column elementor-element elementor-element-08f9e38\" data-id=\"08f9e38\" data-element_type=\"column\">\n\t\t\t<div class=\"elementor-widget-wrap elementor-element-populated\">\n\t\t\t\t\t\t<section class=\"elementor-section elementor-inner-section elementor-element elementor-element-ec6d747 elementor-section-content-top elementor-section-boxed elementor-section-height-default elementor-section-height-default\" data-id=\"ec6d747\" data-element_type=\"section\">\n\t\t\t\t\t\t<div class=\"elementor-container elementor-column-gap-default\">\n\t\t\t\t\t<div class=\"elementor-column elementor-col-33 elementor-inner-column elementor-element elementor-element-af44e33\" data-id=\"af44e33\" data-element_type=\"column\">\n\t\t\t<div class=\"elementor-widget-wrap elementor-element-populated\">\n\t\t\t\t\t\t<div class=\"elementor-element-custom_font_size elementor-element-custom_font_family elementor-element-custom_font_weight elementor-element-custom_color elementor-element elementor-element-5c22e31 elementor-widget elementor-widget-text-editor\" data-id=\"5c22e31\" data-element_type=\"widget\" data-widget_type=\"text-editor.default\">\n\t\t\t\t<div class=\"elementor-widget-container\">\n\t\t\t\t\t\t\t<p><span class=\"gt3_title_line left\" style=\"color: #e9ebed;\"><span><\/span><\/span>NUESTRO EQUIPO<\/p>\t\t\t\t\t\t<\/div>\n\t\t\t\t<\/div>\n\t\t\t\t<div class=\"elementor-element-custom_font_size elementor-element-custom_line_height elementor-element-custom_font_family elementor-element-custom_font_weight elementor-element-custom_color elementor-element elementor-element-972d4b6 elementor-widget__width-initial elementor-widget elementor-widget-text-editor\" data-id=\"972d4b6\" data-element_type=\"widget\" data-widget_type=\"text-editor.default\">\n\t\t\t\t<div class=\"elementor-widget-container\">\n\t\t\t\t\t\t\t<h2><span style=\"color: #005c37;\">Integridad, transparencia, innovaci\u00f3n, responsabilidad social y b\u00fasqueda de la excelencia.<\/span><\/h2>\t\t\t\t\t\t<\/div>\n\t\t\t\t<\/div>\n\t\t\t\t<div class=\"elementor-element elementor-element-381dc1e elementor-widget elementor-widget-spacer\" data-id=\"381dc1e\" data-element_type=\"widget\" data-widget_type=\"spacer.default\">\n\t\t\t\t<div class=\"elementor-widget-container\">\n\t\t\t\t\t<div class=\"elementor-spacer\">\n\t\t\t<div class=\"elementor-spacer-inner\"><\/div>\n\t\t<\/div>\n\t\t\t\t<\/div>\n\t\t\t\t<\/div>\n\t\t\t\t\t<\/div>\n\t\t<\/div>\n\t\t\t\t<div class=\"elementor-column elementor-col-33 elementor-inner-column elementor-element elementor-element-2a16da1\" data-id=\"2a16da1\" data-element_type=\"column\">\n\t\t\t<div class=\"elementor-widget-wrap elementor-element-populated\">\n\t\t\t\t\t\t<div class=\"elementor-element elementor-element-c3fb461 elementor-widget elementor-widget-spacer\" data-id=\"c3fb461\" data-element_type=\"widget\" data-widget_type=\"spacer.default\">\n\t\t\t\t<div class=\"elementor-widget-container\">\n\t\t\t\t\t<div class=\"elementor-spacer\">\n\t\t\t<div class=\"elementor-spacer-inner\"><\/div>\n\t\t<\/div>\n\t\t\t\t<\/div>\n\t\t\t\t<\/div>\n\t\t\t\t<div class=\"elementor-element-custom_font_family elementor-element-custom_font_weight elementor-element-custom_color elementor-element elementor-element-26fc238 elementor-widget__width-initial elementor-widget elementor-widget-text-editor\" data-id=\"26fc238\" data-element_type=\"widget\" data-widget_type=\"text-editor.default\">\n\t\t\t\t<div class=\"elementor-widget-container\">\n\t\t\t\t\t\t\t<p><span>Somos un equipo de personas comprometidos y alineados con cada uno de nuestros proyectos, que velamos por los intereses de nuestros socios co-inversores, manteniendo una responsabilidad total con la sociedad. <\/span><\/p>\t\t\t\t\t\t<\/div>\n\t\t\t\t<\/div>\n\t\t\t\t\t<\/div>\n\t\t<\/div>\n\t\t\t\t<div class=\"elementor-column elementor-col-33 elementor-inner-column elementor-element elementor-element-fde973e\" data-id=\"fde973e\" data-element_type=\"column\">\n\t\t\t<div class=\"elementor-widget-wrap elementor-element-populated\">\n\t\t\t\t\t\t<div class=\"elementor-element elementor-element-e96e73f elementor-widget elementor-widget-spacer\" data-id=\"e96e73f\" data-element_type=\"widget\" data-widget_type=\"spacer.default\">\n\t\t\t\t<div class=\"elementor-widget-container\">\n\t\t\t\t\t<div class=\"elementor-spacer\">\n\t\t\t<div class=\"elementor-spacer-inner\"><\/div>\n\t\t<\/div>\n\t\t\t\t<\/div>\n\t\t\t\t<\/div>\n\t\t\t\t\t<\/div>\n\t\t<\/div>\n\t\t\t\t\t<\/div>\n\t\t<\/section>\n\t\t\t\t<div class=\"elementor-element elementor-element-0cc4e52 elementor-widget elementor-widget-spacer\" data-id=\"0cc4e52\" data-element_type=\"widget\" data-widget_type=\"spacer.default\">\n\t\t\t\t<div class=\"elementor-widget-container\">\n\t\t\t\t\t<div class=\"elementor-spacer\">\n\t\t\t<div class=\"elementor-spacer-inner\"><\/div>\n\t\t<\/div>\n\t\t\t\t<\/div>\n\t\t\t\t<\/div>\n\t\t\t\t\t<\/div>\n\t\t<\/div>\n\t\t\t\t\t<\/div>\n\t\t<\/section>\n\t\t\t\t<section class=\"elementor-section elementor-top-section elementor-element elementor-element-036d394 elementor-section-boxed elementor-section-height-default elementor-section-height-default\" data-id=\"036d394\" data-element_type=\"section\">\n\t\t\t\t\t\t<div class=\"elementor-container elementor-column-gap-default\">\n\t\t\t\t\t<div class=\"elementor-column elementor-col-100 elementor-top-column elementor-element elementor-element-c9a401f\" data-id=\"c9a401f\" data-element_type=\"column\">\n\t\t\t<div class=\"elementor-widget-wrap elementor-element-populated\">\n\t\t\t\t\t\t<div class=\"elementor-element elementor-element-374eb7f elementor-widget elementor-widget-spacer\" data-id=\"374eb7f\" data-element_type=\"widget\" data-widget_type=\"spacer.default\">\n\t\t\t\t<div class=\"elementor-widget-container\">\n\t\t\t\t\t<div class=\"elementor-spacer\">\n\t\t\t<div class=\"elementor-spacer-inner\"><\/div>\n\t\t<\/div>\n\t\t\t\t<\/div>\n\t\t\t\t<\/div>\n\t\t\t\t<div class=\"elementor-element-custom_font_size elementor-element-custom_font_family elementor-element-custom_font_weight elementor-element-custom_color elementor-element elementor-element-fabb2e0 elementor-widget elementor-widget-text-editor\" data-id=\"fabb2e0\" data-element_type=\"widget\" data-widget_type=\"text-editor.default\">\n\t\t\t\t<div class=\"elementor-widget-container\">\n\t\t\t\t\t\t\t<p><span class=\"gt3_title_line left\" style=\"color: #efeff0;\"><span><\/span><\/span>UNQ COINVESTMENTS GROUP<\/p>\t\t\t\t\t\t<\/div>\n\t\t\t\t<\/div>\n\t\t\t\t<div class=\"elementor-element elementor-element-fe145a6 elementor-widget elementor-widget-spacer\" data-id=\"fe145a6\" data-element_type=\"widget\" data-widget_type=\"spacer.default\">\n\t\t\t\t<div class=\"elementor-widget-container\">\n\t\t\t\t\t<div class=\"elementor-spacer\">\n\t\t\t<div class=\"elementor-spacer-inner\"><\/div>\n\t\t<\/div>\n\t\t\t\t<\/div>\n\t\t\t\t<\/div>\n\t\t<div class=\"elementor-element elementor-element-1d7bb4d e-grid e-con-boxed e-con e-parent\" data-id=\"1d7bb4d\" data-element_type=\"container\">\n\t\t\t\t\t<div class=\"e-con-inner\">\n\t\t\t\t<div class=\"elementor-element elementor-element-b2bfcc5 grid_gap-0 elementor-widget elementor-widget-gt3-core-team\" data-id=\"b2bfcc5\" data-element_type=\"widget\" data-widget_type=\"gt3-core-team.default\">\n\t\t\t\t<div class=\"elementor-widget-container\">\n\t\t\t\t<div class=\"module_team type1\" data-post-index=\"1\">\r\n\t\t<div class=\"shortcode_team \">\r\n\t\t\t<div class=\"items1\">\r\n\t\t\t\t\t\t\t\t<ul class=\"item_list \">\r\n\t\t\t\t\t<li class=\"item-team-member new-york\"><div class=\"item_wrapper\"><div class=\"item\"><div class=\"team_img featured_img\"><img decoding=\"async\"  srcset=\"http:\/\/www.unq.es\/wp-content\/uploads\/2018\/07\/Juan-Esquer_1-scaled-e1711034119286-1920x1920.jpg 1920w, http:\/\/www.unq.es\/wp-content\/uploads\/2018\/07\/Juan-Esquer_1-scaled-e1711034119286-1600x1600.jpg 1600w, http:\/\/www.unq.es\/wp-content\/uploads\/2018\/07\/Juan-Esquer_1-scaled-e1711034119286-1200x1200.jpg 1200w, http:\/\/www.unq.es\/wp-content\/uploads\/2018\/07\/Juan-Esquer_1-scaled-e1711034119286-992x992.jpg 992w, http:\/\/www.unq.es\/wp-content\/uploads\/2018\/07\/Juan-Esquer_1-scaled-e1711034119286-768x768.jpg 768w, http:\/\/www.unq.es\/wp-content\/uploads\/2018\/07\/Juan-Esquer_1-scaled-e1711034119286-600x600.jpg 600w,http:\/\/www.unq.es\/wp-content\/uploads\/2018\/07\/Juan-Esquer_1-scaled-e1711034119286-420x420.jpg 420w\" src=\"http:\/\/www.unq.es\/wp-content\/uploads\/2018\/07\/Juan-Esquer_1-scaled-e1711034119286-1600x1600.jpg\" sizes=\"(min-width: 1600px) 1920px, (min-width: 1200px) 1600px, (min-width: 992px) 1200px, (min-width: 768px) 992px, (min-width: 600px) 768px, (min-width: 420px) 600px, (max-width: 600px) 420px\" title=\"Juan Esquer_1\" alt=\"\" \/><\/div><div class=\"team_icons_wrapper\"><div class=\"member-icons\"><div class=\"team-icons\"><a href=\"https:\/\/www.linkedin.com\/in\/juan-esquer\" class=\"member-icon fa fa-linkedin-square\"  style=\"color: #3b5998\" ><span>linkedin<\/span><\/a><\/div><\/div><\/div><div class=\"team-infobox\"><div class=\"team_title\"><div class=\"team_title_wrapper\"><h3 class=\"team_title__text\">Juan Esquer<\/h3><div class=\"team-positions\">Managing Partner | Madrid<\/div><\/div><\/div><\/div><\/div><\/div><\/li>\t\t\t\t<\/ul>\r\n\t\t\t\t<div class=\"clear\"><\/div>\r\n\t\t\t<\/div>\r\n\t\t<\/div>\r\n\t\t\t<\/div>\r\n<script type=\"application\/json\" id=\"settings--b2bfcc5\">{\"type\":\"type1\",\"pagination_en\":false,\"posts_per_line\":1,\"grid_gap\":\"0\",\"query\":{\"post_status\":[\"publish\"],\"post_type\":\"team\",\"posts_per_page\":\"1\",\"post__in\":[\"3248\"],\"paged\":1},\"link_post\":\"\",\"custom_item_height\":\"\",\"show_social\":\"yes\",\"show_position\":\"yes\",\"show_title\":\"yes\",\"show_description\":\"yes\"}<\/script>\t\t<\/div>\n\t\t\t\t<\/div>\n\t\t\t\t<div class=\"elementor-element-custom_font_family elementor-element-custom_font_weight elementor-element-custom_color elementor-element elementor-element-6cf93a8 elementor-widget elementor-widget-text-editor\" data-id=\"6cf93a8\" data-element_type=\"widget\" data-widget_type=\"text-editor.default\">\n\t\t\t\t<div class=\"elementor-widget-container\">\n\t\t\t\t\t\t\t<h2 style=\"padding-left: 40px;\">Juan Esquer<\/h2><p style=\"padding-left: 40px;\"><span style=\"color: #005c37;\"><em>Managing Partner<\/em><\/span><\/p><p style=\"padding-left: 40px;\">M\u00e1s de 30 a\u00f1os de experiencia en Banca Privada, Gesti\u00f3n de Patrimonios y Mercado de Capitales.<\/p><p style=\"padding-left: 40px;\">Doctorado en Finanzas por la Universidad Aut\u00f3noma de Madrid, posee un MBA Internacional por el Instituto de Empresa y el certificado de Asesor Financiero por el IEAF.<\/p><p style=\"padding-left: 40px;\">Previo a fundar <strong>UNQ Coinvestments Group<\/strong> fue:\u00a0\u00a0<\/p><p style=\"padding-left: 40px;\">\u00bb Director General en Guggenheim Partners en Madrid y Ginebra.<\/p><p style=\"padding-left: 40px;\">\u00bb Partner en GBS finanzas<\/p><p style=\"padding-left: 40px;\">\u00bb Partner del \u00e1rea Family Office-Wealth en Quadriga Asset Managers\u00a0<\/p>\t\t\t\t\t\t<\/div>\n\t\t\t\t<\/div>\n\t\t\t\t\t<\/div>\n\t\t\t\t<\/div>\n\t\t\t\t<div class=\"elementor-element elementor-element-62e8717 grid_gap-0 elementor-widget elementor-widget-gt3-core-team\" data-id=\"62e8717\" data-element_type=\"widget\" data-widget_type=\"gt3-core-team.default\">\n\t\t\t\t<div class=\"elementor-widget-container\">\n\t\t\t\t<div class=\"module_team type3\" data-post-index=\"3\">\r\n\t\t<div class=\"shortcode_team \">\r\n\t\t\t<div class=\"items3\">\r\n\t\t\t\t\t\t\t\t<ul class=\"item_list \">\r\n\t\t\t\t\t<li class=\"item-team-member new-york\"><div class=\"item_wrapper\"><div class=\"item\"><div class=\"team_img featured_img\"><img decoding=\"async\"  srcset=\"http:\/\/www.unq.es\/wp-content\/uploads\/2018\/07\/Arancha_2-scaled-e1711034062832-1200x1200.jpg 1200w, http:\/\/www.unq.es\/wp-content\/uploads\/2018\/07\/Arancha_2-scaled-e1711034062832-670x670.jpg 670w, http:\/\/www.unq.es\/wp-content\/uploads\/2018\/07\/Arancha_2-scaled-e1711034062832-640x640.jpg 640w, http:\/\/www.unq.es\/wp-content\/uploads\/2018\/07\/Arancha_2-scaled-e1711034062832-540x540.jpg 540w, http:\/\/www.unq.es\/wp-content\/uploads\/2018\/07\/Arancha_2-scaled-e1711034062832-400x400.jpg 400w, http:\/\/www.unq.es\/wp-content\/uploads\/2018\/07\/Arancha_2-scaled-e1711034062832-496x496.jpg 496w, http:\/\/www.unq.es\/wp-content\/uploads\/2018\/07\/Arancha_2-scaled-e1711034062832-384x384.jpg 384w, http:\/\/www.unq.es\/wp-content\/uploads\/2018\/07\/Arancha_2-scaled-e1711034062832-600x600.jpg 600w,http:\/\/www.unq.es\/wp-content\/uploads\/2018\/07\/Arancha_2-scaled-e1711034062832-420x420.jpg 420w\" src=\"http:\/\/www.unq.es\/wp-content\/uploads\/2018\/07\/Arancha_2-scaled-e1711034062832-540x540.jpg\" sizes=\"(min-width: 2000px) 1200px, (min-width: 1920px) 670px, (min-width: 1620px) 640px, (min-width: 1200px) 540px, (min-width: 992px) 400px, (min-width: 768px) 496px, (min-width: 600px) 384px, (min-width: 420px) 600px, (max-width: 600px) 420px\" title=\"Arancha_2\" alt=\"\" \/><\/div><div class=\"team_icons_wrapper\"><div class=\"member-icons\"><div class=\"team-icons\"><\/div><\/div><\/div><div class=\"team-infobox\"><div class=\"team_title\"><div class=\"team_title_wrapper\"><h3 class=\"team_title__text\">Ar\u00e1nzazu de Vicente<\/h3><div class=\"team-positions\">Partner | Madrid<\/div><\/div><\/div><\/div><\/div><\/div><\/li><li class=\"item-team-member new-york\"><div class=\"item_wrapper\"><div class=\"item\"><div class=\"team_img featured_img\"><img decoding=\"async\"  srcset=\"http:\/\/www.unq.es\/wp-content\/uploads\/2018\/07\/Moises_1--scaled-e1711034233908-1200x1200.jpg 1200w, http:\/\/www.unq.es\/wp-content\/uploads\/2018\/07\/Moises_1--scaled-e1711034233908-670x670.jpg 670w, http:\/\/www.unq.es\/wp-content\/uploads\/2018\/07\/Moises_1--scaled-e1711034233908-640x640.jpg 640w, http:\/\/www.unq.es\/wp-content\/uploads\/2018\/07\/Moises_1--scaled-e1711034233908-540x540.jpg 540w, http:\/\/www.unq.es\/wp-content\/uploads\/2018\/07\/Moises_1--scaled-e1711034233908-400x400.jpg 400w, http:\/\/www.unq.es\/wp-content\/uploads\/2018\/07\/Moises_1--scaled-e1711034233908-496x496.jpg 496w, http:\/\/www.unq.es\/wp-content\/uploads\/2018\/07\/Moises_1--scaled-e1711034233908-384x384.jpg 384w, http:\/\/www.unq.es\/wp-content\/uploads\/2018\/07\/Moises_1--scaled-e1711034233908-600x600.jpg 600w,http:\/\/www.unq.es\/wp-content\/uploads\/2018\/07\/Moises_1--scaled-e1711034233908-420x420.jpg 420w\" src=\"http:\/\/www.unq.es\/wp-content\/uploads\/2018\/07\/Moises_1--scaled-e1711034233908-540x540.jpg\" sizes=\"(min-width: 2000px) 1200px, (min-width: 1920px) 670px, (min-width: 1620px) 640px, (min-width: 1200px) 540px, (min-width: 992px) 400px, (min-width: 768px) 496px, (min-width: 600px) 384px, (min-width: 420px) 600px, (max-width: 600px) 420px\" title=\"Moises_1\" alt=\"\" \/><\/div><div class=\"team_icons_wrapper\"><div class=\"member-icons\"><div class=\"team-icons\"><a href=\"https:\/\/www.linkedin.com\/in\/moises-cobo-60439060\/\" class=\"member-icon fa fa-linkedin-square\"  style=\"color: #3b5998\" ><span>linkedin<\/span><\/a><a href=\"#\" class=\"member-icon \"  style=\"color: #55acee\" ><span>twitter<\/span><\/a><a href=\"#\" class=\"member-icon \"  style=\"color: #e4405f\" ><span>instagram<\/span><\/a><\/div><\/div><\/div><div class=\"team-infobox\"><div class=\"team_title\"><div class=\"team_title_wrapper\"><h3 class=\"team_title__text\">Mois\u00e9s Cobo<\/h3><div class=\"team-positions\">Partner | Madrid<\/div><\/div><\/div><\/div><\/div><\/div><\/li><li class=\"item-team-member new-york\"><div class=\"item_wrapper\"><div class=\"item\"><div class=\"team_img featured_img\"><img decoding=\"async\"  srcset=\"http:\/\/www.unq.es\/wp-content\/uploads\/2018\/07\/Pablo_2-scaled-e1711035098222-1200x1200.jpg 1200w, http:\/\/www.unq.es\/wp-content\/uploads\/2018\/07\/Pablo_2-scaled-e1711035098222-670x670.jpg 670w, http:\/\/www.unq.es\/wp-content\/uploads\/2018\/07\/Pablo_2-scaled-e1711035098222-640x640.jpg 640w, http:\/\/www.unq.es\/wp-content\/uploads\/2018\/07\/Pablo_2-scaled-e1711035098222-540x540.jpg 540w, http:\/\/www.unq.es\/wp-content\/uploads\/2018\/07\/Pablo_2-scaled-e1711035098222-400x400.jpg 400w, http:\/\/www.unq.es\/wp-content\/uploads\/2018\/07\/Pablo_2-scaled-e1711035098222-496x496.jpg 496w, http:\/\/www.unq.es\/wp-content\/uploads\/2018\/07\/Pablo_2-scaled-e1711035098222-384x384.jpg 384w, http:\/\/www.unq.es\/wp-content\/uploads\/2018\/07\/Pablo_2-scaled-e1711035098222-600x600.jpg 600w,http:\/\/www.unq.es\/wp-content\/uploads\/2018\/07\/Pablo_2-scaled-e1711035098222-420x420.jpg 420w\" src=\"http:\/\/www.unq.es\/wp-content\/uploads\/2018\/07\/Pablo_2-scaled-e1711035098222-540x540.jpg\" sizes=\"(min-width: 2000px) 1200px, (min-width: 1920px) 670px, (min-width: 1620px) 640px, (min-width: 1200px) 540px, (min-width: 992px) 400px, (min-width: 768px) 496px, (min-width: 600px) 384px, (min-width: 420px) 600px, (max-width: 600px) 420px\" title=\"Pablo_2\" alt=\"\" \/><\/div><div class=\"team_icons_wrapper\"><div class=\"member-icons\"><div class=\"team-icons\"><a href=\"http:\/\/linkedin.com\/in\/pabloherreraorrego\" class=\"member-icon fa fa-linkedin-square\"  style=\"color: #3b5998\" ><span>linkedin<\/span><\/a><a href=\"#\" class=\"member-icon \"  style=\"color: #55acee\" ><span>twitter<\/span><\/a><a href=\"#\" class=\"member-icon \"  style=\"color: #e4405f\" ><span>instagram<\/span><\/a><\/div><\/div><\/div><div class=\"team-infobox\"><div class=\"team_title\"><div class=\"team_title_wrapper\"><h3 class=\"team_title__text\">Pablo Herrera<\/h3><div class=\"team-positions\">Partner | Madrid<\/div><\/div><\/div><\/div><\/div><\/div><\/li>\t\t\t\t<\/ul>\r\n\t\t\t\t<div class=\"clear\"><\/div>\r\n\t\t\t<\/div>\r\n\t\t<\/div>\r\n\t\t\t<\/div>\r\n<script type=\"application\/json\" id=\"settings--62e8717\">{\"type\":\"type3\",\"pagination_en\":false,\"posts_per_line\":3,\"grid_gap\":\"0\",\"query\":{\"post_status\":[\"publish\"],\"post_type\":\"team\",\"posts_per_page\":\"3\",\"post__in\":[\"3247\",\"3246\",\"3241\"],\"paged\":1},\"link_post\":\"\",\"custom_item_height\":\"\",\"show_social\":\"yes\",\"show_position\":\"yes\",\"show_title\":\"yes\",\"show_description\":\"\"}<\/script>\t\t<\/div>\n\t\t\t\t<\/div>\n\t\t\t\t<div class=\"elementor-element elementor-element-6b60a3a grid_gap-0 elementor-widget elementor-widget-gt3-core-team\" data-id=\"6b60a3a\" data-element_type=\"widget\" data-widget_type=\"gt3-core-team.default\">\n\t\t\t\t<div class=\"elementor-widget-container\">\n\t\t\t\t<div class=\"module_team type3\" data-post-index=\"3\">\r\n\t\t<div class=\"shortcode_team \">\r\n\t\t\t<div class=\"items3\">\r\n\t\t\t\t\t\t\t\t<ul class=\"item_list \">\r\n\t\t\t\t\t<li class=\"item-team-member new-york\"><div class=\"item_wrapper\"><div class=\"item\"><div class=\"team_img featured_img\"><img decoding=\"async\"  srcset=\"http:\/\/www.unq.es\/wp-content\/uploads\/2024\/09\/Alvaro-Esquer_1-scaled-e1748268007581-1200x1200.jpg 1200w, http:\/\/www.unq.es\/wp-content\/uploads\/2024\/09\/Alvaro-Esquer_1-scaled-e1748268007581-670x670.jpg 670w, http:\/\/www.unq.es\/wp-content\/uploads\/2024\/09\/Alvaro-Esquer_1-scaled-e1748268007581-640x640.jpg 640w, http:\/\/www.unq.es\/wp-content\/uploads\/2024\/09\/Alvaro-Esquer_1-scaled-e1748268007581-540x540.jpg 540w, http:\/\/www.unq.es\/wp-content\/uploads\/2024\/09\/Alvaro-Esquer_1-scaled-e1748268007581-400x400.jpg 400w, http:\/\/www.unq.es\/wp-content\/uploads\/2024\/09\/Alvaro-Esquer_1-scaled-e1748268007581-496x496.jpg 496w, http:\/\/www.unq.es\/wp-content\/uploads\/2024\/09\/Alvaro-Esquer_1-scaled-e1748268007581-384x384.jpg 384w, http:\/\/www.unq.es\/wp-content\/uploads\/2024\/09\/Alvaro-Esquer_1-scaled-e1748268007581-600x600.jpg 600w,http:\/\/www.unq.es\/wp-content\/uploads\/2024\/09\/Alvaro-Esquer_1-scaled-e1748268007581-420x420.jpg 420w\" src=\"http:\/\/www.unq.es\/wp-content\/uploads\/2024\/09\/Alvaro-Esquer_1-scaled-e1748268007581-540x540.jpg\" sizes=\"(min-width: 2000px) 1200px, (min-width: 1920px) 670px, (min-width: 1620px) 640px, (min-width: 1200px) 540px, (min-width: 992px) 400px, (min-width: 768px) 496px, (min-width: 600px) 384px, (min-width: 420px) 600px, (max-width: 600px) 420px\" title=\"Alvaro Esquer_1\" alt=\"\" \/><\/div><div class=\"team_icons_wrapper\"><div class=\"member-icons\"><div class=\"team-icons\"><a href=\"https:\/\/www.linkedin.com\/in\/alvaro-esquer-rufilanchas-1aa94515\/\" class=\"member-icon fa fa-linkedin-square\" ><span><\/span><\/a><\/div><\/div><\/div><div class=\"team-infobox\"><div class=\"team_title\"><div class=\"team_title_wrapper\"><h3 class=\"team_title__text\">\u00c1lvaro Esquer<\/h3><div class=\"team-positions\">RE Partner | Madrid<\/div><\/div><\/div><\/div><\/div><\/div><\/li><li class=\"item-team-member new-york\"><div class=\"item_wrapper\"><div class=\"item\"><div class=\"team_img featured_img\"><img decoding=\"async\"  srcset=\"http:\/\/www.unq.es\/wp-content\/uploads\/2024\/03\/Lucia_2-scaled-e1711035769629-1200x1200.jpg 1200w, http:\/\/www.unq.es\/wp-content\/uploads\/2024\/03\/Lucia_2-scaled-e1711035769629-670x670.jpg 670w, http:\/\/www.unq.es\/wp-content\/uploads\/2024\/03\/Lucia_2-scaled-e1711035769629-640x640.jpg 640w, http:\/\/www.unq.es\/wp-content\/uploads\/2024\/03\/Lucia_2-scaled-e1711035769629-540x540.jpg 540w, http:\/\/www.unq.es\/wp-content\/uploads\/2024\/03\/Lucia_2-scaled-e1711035769629-400x400.jpg 400w, http:\/\/www.unq.es\/wp-content\/uploads\/2024\/03\/Lucia_2-scaled-e1711035769629-496x496.jpg 496w, http:\/\/www.unq.es\/wp-content\/uploads\/2024\/03\/Lucia_2-scaled-e1711035769629-384x384.jpg 384w, http:\/\/www.unq.es\/wp-content\/uploads\/2024\/03\/Lucia_2-scaled-e1711035769629-600x600.jpg 600w,http:\/\/www.unq.es\/wp-content\/uploads\/2024\/03\/Lucia_2-scaled-e1711035769629-420x420.jpg 420w\" src=\"http:\/\/www.unq.es\/wp-content\/uploads\/2024\/03\/Lucia_2-scaled-e1711035769629-540x540.jpg\" sizes=\"(min-width: 2000px) 1200px, (min-width: 1920px) 670px, (min-width: 1620px) 640px, (min-width: 1200px) 540px, (min-width: 992px) 400px, (min-width: 768px) 496px, (min-width: 600px) 384px, (min-width: 420px) 600px, (max-width: 600px) 420px\" title=\"Lucia_2\" alt=\"\" \/><\/div><div class=\"team_icons_wrapper\"><div class=\"member-icons\"><div class=\"team-icons\"><a href=\"https:\/\/www.linkedin.com\/in\/luc%C3%ADa-villamar%C3%ADn-sampedro-9520221b9\/\" class=\"member-icon fa fa-linkedin-square\" ><span><\/span><\/a><\/div><\/div><\/div><div class=\"team-infobox\"><div class=\"team_title\"><div class=\"team_title_wrapper\"><h3 class=\"team_title__text\">Luc\u00eda Villamar\u00edn<\/h3><div class=\"team-positions\">Analista | Madrid<\/div><\/div><\/div><\/div><\/div><\/div><\/li>\t\t\t\t<\/ul>\r\n\t\t\t\t<div class=\"clear\"><\/div>\r\n\t\t\t<\/div>\r\n\t\t<\/div>\r\n\t\t\t<\/div>\r\n<script type=\"application\/json\" id=\"settings--6b60a3a\">{\"type\":\"type3\",\"pagination_en\":false,\"posts_per_line\":3,\"grid_gap\":\"0\",\"query\":{\"post_status\":[\"publish\"],\"post_type\":\"team\",\"posts_per_page\":\"3\",\"orderby\":\"date \",\"order\":\"DESC\",\"post__in\":[\"6963\",\"6742\",\"6738\"],\"paged\":1},\"link_post\":\"\",\"custom_item_height\":\"\",\"show_social\":\"yes\",\"show_position\":\"yes\",\"show_title\":\"yes\",\"show_description\":\"\"}<\/script>\t\t<\/div>\n\t\t\t\t<\/div>\n\t\t\t\t<div class=\"elementor-element elementor-element-75fcd29 elementor-widget elementor-widget-spacer\" data-id=\"75fcd29\" data-element_type=\"widget\" data-widget_type=\"spacer.default\">\n\t\t\t\t<div class=\"elementor-widget-container\">\n\t\t\t\t\t<div class=\"elementor-spacer\">\n\t\t\t<div class=\"elementor-spacer-inner\"><\/div>\n\t\t<\/div>\n\t\t\t\t<\/div>\n\t\t\t\t<\/div>\n\t\t\t\t\t<\/div>\n\t\t<\/div>\n\t\t\t\t\t<\/div>\n\t\t<\/section>\n\t\t\t\t<\/div>\n\t\t","protected":false},"excerpt":{"rendered":"<p>NUESTRO EQUIPO Integridad, transparencia, innovaci\u00f3n, responsabilidad social y b\u00fasqueda de la excelencia. Somos un equipo de personas comprometidos y alineados con cada uno de nuestros proyectos, que velamos por los intereses de nuestros socios co-inversores, manteniendo una responsabilidad total con la sociedad. UNQ COINVESTMENTS GROUP linkedin Juan Esquer Managing Partner | Madrid Juan Esquer Managing [&hellip;]<\/p>\n","protected":false},"author":2,"featured_media":6692,"parent":0,"menu_order":0,"comment_status":"closed","ping_status":"closed","template":"","meta":{"footnotes":""},"class_list":["post-110","page","type-page","status-publish","has-post-thumbnail","hentry"],"_links":{"self":[{"href":"http:\/\/www.unq.es\/index.php\/wp-json\/wp\/v2\/pages\/110","targetHints":{"allow":["GET"]}}],"collection":[{"href":"http:\/\/www.unq.es\/index.php\/wp-json\/wp\/v2\/pages"}],"about":[{"href":"http:\/\/www.unq.es\/index.php\/wp-json\/wp\/v2\/types\/page"}],"author":[{"embeddable":true,"href":"http:\/\/www.unq.es\/index.php\/wp-json\/wp\/v2\/users\/2"}],"replies":[{"embeddable":true,"href":"http:\/\/www.unq.es\/index.php\/wp-json\/wp\/v2\/comments?post=110"}],"version-history":[{"count":80,"href":"http:\/\/www.unq.es\/index.php\/wp-json\/wp\/v2\/pages\/110\/revisions"}],"predecessor-version":[{"id":7423,"href":"http:\/\/www.unq.es\/index.php\/wp-json\/wp\/v2\/pages\/110\/revisions\/7423"}],"wp:featuredmedia":[{"embeddable":true,"href":"http:\/\/www.unq.es\/index.php\/wp-json\/wp\/v2\/media\/6692"}],"wp:attachment":[{"href":"http:\/\/www.unq.es\/index.php\/wp-json\/wp\/v2\/media?parent=110"}],"curies":[{"name":"wp","href":"https:\/\/api.w.org\/{rel}","templated":true}]}}