{"id":21,"date":"2024-03-21T10:49:32","date_gmt":"2024-03-21T09:49:32","guid":{"rendered":"http:\/\/www.unq.es\/?page_id=21"},"modified":"2025-08-25T12:44:50","modified_gmt":"2025-08-25T10:44:50","slug":"aviso_legal","status":"publish","type":"page","link":"http:\/\/www.unq.es\/index.php\/aviso_legal\/","title":{"rendered":"Aviso Legal"},"content":{"rendered":"\t\t<div data-elementor-type=\"wp-page\" data-elementor-id=\"21\" class=\"elementor elementor-21\">\n\t\t\t\t<div class=\"elementor-element elementor-element-4b50a2c3 e-flex e-con-boxed e-con e-parent\" data-id=\"4b50a2c3\" data-element_type=\"container\">\n\t\t\t\t\t<div class=\"e-con-inner\">\n\t\t\t\t<div class=\"elementor-element-custom_font_family elementor-element-custom_font_weight elementor-element-custom_color elementor-element elementor-element-1bd4d9a0 elementor-widget elementor-widget-text-editor\" data-id=\"1bd4d9a0\" data-element_type=\"widget\" data-widget_type=\"text-editor.default\">\n\t\t\t\t<div class=\"elementor-widget-container\">\n\t\t\t\t\t\t\t<!-- wp:paragraph --><!-- \/wp:paragraph --><!-- wp:paragraph -->\n<h3>T\u00e9rminos de uso<\/h3>\n<!-- \/wp:paragraph --><!-- wp:paragraph -->\n<p>El titular de esta p\u00e1gina es UNIQUE COINVESTMENTS GROUP SL. El domicilio de UNIQUE COINVESTMENTS GROUP SL es CALLE SERRANO 93 5 F &#8211; Madrid (Madrid &#8211; 28006), tel\u00e9fono \u00a0|\u00a0629532928. El correo de contacto de UNIQUE COINVESTMENTS GROUP SL es <a href=\"mailto:info@unq.es\">info@unq.es<\/a>.<\/p>\n<p>Si utiliza el contenido y\/o los servicios de esta p\u00e1gina se compromete a aceptar las siguientes condiciones de uso:<\/p>\n<ol>\n<li>UNIQUE COINVESTMENTS GROUP SL se reserva el derecho a modificar el contenido, la configuraci\u00f3n y la presentaci\u00f3n de esta p\u00e1gina web sin avisar. Esta p\u00e1gina podr\u00eda contener enlaces a otras p\u00e1ginas externas y, si es as\u00ed, UNIQUE COINVESTMENTS GROUP SL, no se hace responsable del contenido y la configuraci\u00f3n de tales p\u00e1ginas.<\/li>\n<li>Los textos, im\u00e1genes, logotipos y el resto de contenidos de esta web son propiedad de UNIQUE COINVESTMENTS GROUP SL. Si no se indica lo contrario, no se puede transmitir, distribuir, reproducir o conservar los contenidos de esta p\u00e1gina sin el consentimiento de UNIQUE COINVESTMENTS GROUP SL.<\/li>\n<li>UNIQUE COINVESTMENTS GROUP SL no se hace responsable de los posibles da\u00f1os que se puedan producir por utilizar versiones no actualizadas de los navegadores, ni de las consecuencias que se derivan del mal funcionamiento de los navegadores por una configuraci\u00f3n inadecuada, por la presencia de virus inform\u00e1ticos o por cualquier otra causa.<\/li>\n<li>El presente Aviso Legal se rige por la ley espa\u00f1ola. Cualquier conflicto relacionado con el uso de esta p\u00e1gina ser\u00e1 competencia de los juzgados y tribunales espa\u00f1oles.<\/li>\n<\/ol>\n<!-- \/wp:paragraph -->\t\t\t\t\t\t<\/div>\n\t\t\t\t<\/div>\n\t\t\t\t\t<\/div>\n\t\t\t\t<\/div>\n\t\t\t\t<\/div>\n\t\t","protected":false},"excerpt":{"rendered":"<p>T\u00e9rminos de uso El titular de esta p\u00e1gina es UNIQUE COINVESTMENTS GROUP SL. El domicilio de UNIQUE COINVESTMENTS GROUP SL es CALLE SERRANO 93 5 F &#8211; Madrid (Madrid &#8211; 28006), tel\u00e9fono \u00a0|\u00a0629532928. El correo de contacto de UNIQUE COINVESTMENTS GROUP SL es info@unq.es. Si utiliza el contenido y\/o los servicios de esta p\u00e1gina se [&hellip;]<\/p>\n","protected":false},"author":1,"featured_media":0,"parent":0,"menu_order":0,"comment_status":"closed","ping_status":"closed","template":"","meta":{"footnotes":""},"class_list":["post-21","page","type-page","status-publish","hentry"],"_links":{"self":[{"href":"http:\/\/www.unq.es\/index.php\/wp-json\/wp\/v2\/pages\/21","targetHints":{"allow":["GET"]}}],"collection":[{"href":"http:\/\/www.unq.es\/index.php\/wp-json\/wp\/v2\/pages"}],"about":[{"href":"http:\/\/www.unq.es\/index.php\/wp-json\/wp\/v2\/types\/page"}],"author":[{"embeddable":true,"href":"http:\/\/www.unq.es\/index.php\/wp-json\/wp\/v2\/users\/1"}],"replies":[{"embeddable":true,"href":"http:\/\/www.unq.es\/index.php\/wp-json\/wp\/v2\/comments?post=21"}],"version-history":[{"count":10,"href":"http:\/\/www.unq.es\/index.php\/wp-json\/wp\/v2\/pages\/21\/revisions"}],"predecessor-version":[{"id":7430,"href":"http:\/\/www.unq.es\/index.php\/wp-json\/wp\/v2\/pages\/21\/revisions\/7430"}],"wp:attachment":[{"href":"http:\/\/www.unq.es\/index.php\/wp-json\/wp\/v2\/media?parent=21"}],"curies":[{"name":"wp","href":"https:\/\/api.w.org\/{rel}","templated":true}]}}